{"id":1431,"date":"2024-04-03T13:30:26","date_gmt":"2024-04-03T16:30:26","guid":{"rendered":"https:\/\/mariaimaculada.com.br\/?page_id=1431"},"modified":"2024-08-01T11:26:17","modified_gmt":"2024-08-01T14:26:17","slug":"quem-somos","status":"publish","type":"page","link":"https:\/\/mariaimaculada.com.br\/index.php\/quem-somos\/","title":{"rendered":"Quem Somos"},"content":{"rendered":"\t\t<div data-elementor-type=\"wp-page\" data-elementor-id=\"1431\" class=\"elementor elementor-1431\" data-elementor-post-type=\"page\">\n\t\t\t\t<div class=\"elementor-element elementor-element-e30f9b8 e-con-full e-flex e-con e-parent\" data-id=\"e30f9b8\" data-element_type=\"container\" data-e-type=\"container\" data-settings=\"{&quot;background_background&quot;:&quot;classic&quot;}\">\n\t\t<div class=\"elementor-element elementor-element-cc80b2d e-flex e-con-boxed e-con e-child\" data-id=\"cc80b2d\" data-element_type=\"container\" data-e-type=\"container\">\n\t\t\t\t\t<div class=\"e-con-inner\">\n\t\t<div class=\"elementor-element elementor-element-4e64619 e-con-full e-flex e-con e-child\" data-id=\"4e64619\" data-element_type=\"container\" data-e-type=\"container\">\n\t\t\t\t<div class=\"elementor-element elementor-element-4ce89a9 elementor-widget elementor-widget-heading\" data-id=\"4ce89a9\" data-element_type=\"widget\" data-e-type=\"widget\" data-widget_type=\"heading.default\">\n\t\t\t\t<div class=\"elementor-widget-container\">\n\t\t\t\t\t<h1 class=\"elementor-heading-title elementor-size-default\">Quem Somos<\/h1>\t\t\t\t<\/div>\n\t\t\t\t<\/div>\n\t\t\t\t<\/div>\n\t\t<div class=\"elementor-element elementor-element-e8bbdfe e-con-full e-flex e-con e-child\" data-id=\"e8bbdfe\" data-element_type=\"container\" data-e-type=\"container\">\n\t\t<div class=\"elementor-element elementor-element-a96a9e0 e-con-full e-flex e-con e-child\" data-id=\"a96a9e0\" data-element_type=\"container\" data-e-type=\"container\">\n\t\t\t\t<div class=\"elementor-element elementor-element-7aaa9a7 elementor-widget elementor-widget-heading\" data-id=\"7aaa9a7\" data-element_type=\"widget\" data-e-type=\"widget\" data-widget_type=\"heading.default\">\n\t\t\t\t<div class=\"elementor-widget-container\">\n\t\t\t\t\t<span class=\"elementor-heading-title elementor-size-default\">Home<\/span>\t\t\t\t<\/div>\n\t\t\t\t<\/div>\n\t\t\t\t<div class=\"elementor-element elementor-element-9b15609 elementor-widget elementor-widget-heading\" data-id=\"9b15609\" data-element_type=\"widget\" data-e-type=\"widget\" data-widget_type=\"heading.default\">\n\t\t\t\t<div class=\"elementor-widget-container\">\n\t\t\t\t\t<span class=\"elementor-heading-title elementor-size-default\">O Col\u00e9gio<\/span>\t\t\t\t<\/div>\n\t\t\t\t<\/div>\n\t\t\t\t<div class=\"elementor-element elementor-element-092657d elementor-widget elementor-widget-heading\" data-id=\"092657d\" data-element_type=\"widget\" data-e-type=\"widget\" data-widget_type=\"heading.default\">\n\t\t\t\t<div class=\"elementor-widget-container\">\n\t\t\t\t\t<span class=\"elementor-heading-title elementor-size-default\">Quem Somos<\/span>\t\t\t\t<\/div>\n\t\t\t\t<\/div>\n\t\t\t\t<\/div>\n\t\t\t\t<\/div>\n\t\t\t\t\t<\/div>\n\t\t\t\t<\/div>\n\t\t\t\t<\/div>\n\t\t<div class=\"elementor-element elementor-element-7e29cf5 e-flex e-con-boxed e-con e-parent\" data-id=\"7e29cf5\" data-element_type=\"container\" data-e-type=\"container\">\n\t\t\t\t\t<div class=\"e-con-inner\">\n\t\t\t\t<div class=\"elementor-element elementor-element-26d78e3 elementor-widget elementor-widget-spacer\" data-id=\"26d78e3\" data-element_type=\"widget\" data-e-type=\"widget\" data-widget_type=\"spacer.default\">\n\t\t\t\t<div class=\"elementor-widget-container\">\n\t\t\t\t\t\t\t<div class=\"elementor-spacer\">\n\t\t\t<div class=\"elementor-spacer-inner\"><\/div>\n\t\t<\/div>\n\t\t\t\t\t\t<\/div>\n\t\t\t\t<\/div>\n\t\t\t\t\t<\/div>\n\t\t\t\t<\/div>\n\t\t<div class=\"elementor-element elementor-element-b2f653d e-flex e-con-boxed e-con e-parent\" data-id=\"b2f653d\" data-element_type=\"container\" data-e-type=\"container\">\n\t\t\t\t\t<div class=\"e-con-inner\">\n\t\t\t\t<div class=\"elementor-element elementor-element-d537248 elementor-widget elementor-widget-heading\" data-id=\"d537248\" data-element_type=\"widget\" data-e-type=\"widget\" data-widget_type=\"heading.default\">\n\t\t\t\t<div class=\"elementor-widget-container\">\n\t\t\t\t\t<h2 class=\"elementor-heading-title elementor-size-default\">Olhamos para o passado com rever\u00eancia pelo legado \na preservar e para o futuro com esperan\u00e7a \ne abertura a novos desafios.<\/h2>\t\t\t\t<\/div>\n\t\t\t\t<\/div>\n\t\t\t\t\t<\/div>\n\t\t\t\t<\/div>\n\t\t<div class=\"elementor-element elementor-element-8eb51db e-flex e-con-boxed e-con e-parent\" data-id=\"8eb51db\" data-element_type=\"container\" data-e-type=\"container\">\n\t\t\t\t\t<div class=\"e-con-inner\">\n\t\t\t\t<div class=\"elementor-element elementor-element-3e11d67 elementor-widget elementor-widget-spacer\" data-id=\"3e11d67\" data-element_type=\"widget\" data-e-type=\"widget\" data-widget_type=\"spacer.default\">\n\t\t\t\t<div class=\"elementor-widget-container\">\n\t\t\t\t\t\t\t<div class=\"elementor-spacer\">\n\t\t\t<div class=\"elementor-spacer-inner\"><\/div>\n\t\t<\/div>\n\t\t\t\t\t\t<\/div>\n\t\t\t\t<\/div>\n\t\t\t\t\t<\/div>\n\t\t\t\t<\/div>\n\t\t<div class=\"elementor-element elementor-element-1683024 e-flex e-con-boxed e-con e-parent\" data-id=\"1683024\" data-element_type=\"container\" data-e-type=\"container\">\n\t\t\t\t\t<div class=\"e-con-inner\">\n\t\t\t\t<div class=\"elementor-element elementor-element-1cdd4a1 elementor-widget elementor-widget-image\" data-id=\"1cdd4a1\" data-element_type=\"widget\" data-e-type=\"widget\" data-widget_type=\"image.default\">\n\t\t\t\t<div class=\"elementor-widget-container\">\n\t\t\t\t\t\t\t\t\t\t\t\t\t\t\t<img fetchpriority=\"high\" decoding=\"async\" width=\"1361\" height=\"573\" src=\"https:\/\/mariaimaculada.com.br\/wp-content\/uploads\/2023\/12\/Video1.jpg\" class=\"attachment-full size-full wp-image-158\" alt=\"\" srcset=\"https:\/\/mariaimaculada.com.br\/wp-content\/uploads\/2023\/12\/Video1.jpg 1361w, https:\/\/mariaimaculada.com.br\/wp-content\/uploads\/2023\/12\/Video1-300x126.jpg 300w, https:\/\/mariaimaculada.com.br\/wp-content\/uploads\/2023\/12\/Video1-1024x431.jpg 1024w, https:\/\/mariaimaculada.com.br\/wp-content\/uploads\/2023\/12\/Video1-768x323.jpg 768w\" sizes=\"(max-width: 1361px) 100vw, 1361px\" \/>\t\t\t\t\t\t\t\t\t\t\t\t\t\t\t<\/div>\n\t\t\t\t<\/div>\n\t\t\t\t\t<\/div>\n\t\t\t\t<\/div>\n\t\t<div class=\"elementor-element elementor-element-879985d e-flex e-con-boxed e-con e-parent\" data-id=\"879985d\" data-element_type=\"container\" data-e-type=\"container\">\n\t\t\t\t\t<div class=\"e-con-inner\">\n\t\t<div class=\"elementor-element elementor-element-cdbbbfa e-flex e-con-boxed e-con e-child\" data-id=\"cdbbbfa\" data-element_type=\"container\" data-e-type=\"container\" data-settings=\"{&quot;background_background&quot;:&quot;classic&quot;}\">\n\t\t\t\t\t<div class=\"e-con-inner\">\n\t\t\t\t<div class=\"elementor-element elementor-element-bd64524 elementor-widget elementor-widget-heading\" data-id=\"bd64524\" data-element_type=\"widget\" data-e-type=\"widget\" data-widget_type=\"heading.default\">\n\t\t\t\t<div class=\"elementor-widget-container\">\n\t\t\t\t\t<h3 class=\"elementor-heading-title elementor-size-default\">Nossa Hist\u00f3ria<\/h3>\t\t\t\t<\/div>\n\t\t\t\t<\/div>\n\t\t\t\t<div class=\"elementor-element elementor-element-1461fcc elementor-widget elementor-widget-heading\" data-id=\"1461fcc\" data-element_type=\"widget\" data-e-type=\"widget\" data-widget_type=\"heading.default\">\n\t\t\t\t<div class=\"elementor-widget-container\">\n\t\t\t\t\t<p class=\"elementor-heading-title elementor-size-default\"><span style=\"font-size: 18px\">O Col\u00e9gio Maria Imaculada foi fundado em 1965. Representou a concretiza\u00e7\u00e3o de um projeto de servi\u00e7o \u00e0 causa da educa\u00e7\u00e3o. Tornou-se uma fonte de refer\u00eancia Franciscana em educa\u00e7\u00e3o, pelos saberes constru\u00eddos, pelas compet\u00eancias partilhadas e pela soliedariedade vivida.<\/span><\/p>\t\t\t\t<\/div>\n\t\t\t\t<\/div>\n\t\t\t\t\t<\/div>\n\t\t\t\t<\/div>\n\t\t\t\t\t<\/div>\n\t\t\t\t<\/div>\n\t\t<div class=\"elementor-element elementor-element-5773499 e-flex e-con-boxed e-con e-parent\" data-id=\"5773499\" data-element_type=\"container\" data-e-type=\"container\">\n\t\t\t\t\t<div class=\"e-con-inner\">\n\t\t<div class=\"elementor-element elementor-element-1a443d9 e-flex e-con-boxed e-con e-child\" data-id=\"1a443d9\" data-element_type=\"container\" data-e-type=\"container\" data-settings=\"{&quot;background_background&quot;:&quot;classic&quot;}\">\n\t\t\t\t\t<div class=\"e-con-inner\">\n\t\t\t\t<div class=\"elementor-element elementor-element-4d6cc20 elementor-widget elementor-widget-heading\" data-id=\"4d6cc20\" data-element_type=\"widget\" data-e-type=\"widget\" data-widget_type=\"heading.default\">\n\t\t\t\t<div class=\"elementor-widget-container\">\n\t\t\t\t\t<h3 class=\"elementor-heading-title elementor-size-default\">Proposta Pedag\u00f3gica<\/h3>\t\t\t\t<\/div>\n\t\t\t\t<\/div>\n\t\t\t\t<div class=\"elementor-element elementor-element-e3365b6 elementor-widget elementor-widget-heading\" data-id=\"e3365b6\" data-element_type=\"widget\" data-e-type=\"widget\" data-widget_type=\"heading.default\">\n\t\t\t\t<div class=\"elementor-widget-container\">\n\t\t\t\t\t<p class=\"elementor-heading-title elementor-size-default\">Pautada no acolhimento e na escuta, inspirada na pedagogia franciscana, a proposta pedag\u00f3gica do Col\u00e9gio Maria Imaculada preza pelo olhar humano e fraternal. A concep\u00e7\u00e3o filos\u00f3fica e educacional prioriza a qualidade das rela\u00e7\u00f5es e experi\u00eancias enfatizando valores como respeito, solidariedade e justi\u00e7a. O processo educacional \u00e9 fundamentado na forma\u00e7\u00e3o integral do estudante e no desenvolvimento de habilidades e compet\u00eancias. Em conson\u00e2ncia com a Base Nacional Curricular Comum (BNCC) as aprendizagens s\u00e3o definidas como essenciais, priorizando conceitos, procedimentos, pr\u00e1ticas cognitivas e socioemocionais.<\/p>\t\t\t\t<\/div>\n\t\t\t\t<\/div>\n\t\t\t\t\t<\/div>\n\t\t\t\t<\/div>\n\t\t\t\t\t<\/div>\n\t\t\t\t<\/div>\n\t\t<div class=\"elementor-element elementor-element-7752594 e-con-full e-flex e-con e-parent\" data-id=\"7752594\" data-element_type=\"container\" data-e-type=\"container\" data-settings=\"{&quot;background_background&quot;:&quot;classic&quot;}\">\n\t\t<div class=\"elementor-element elementor-element-16c314e e-flex e-con-boxed e-con e-child\" data-id=\"16c314e\" data-element_type=\"container\" data-e-type=\"container\">\n\t\t\t\t\t<div class=\"e-con-inner\">\n\t\t<div class=\"elementor-element elementor-element-faf771f e-flex e-con-boxed e-con e-child\" data-id=\"faf771f\" data-element_type=\"container\" data-e-type=\"container\">\n\t\t\t\t\t<div class=\"e-con-inner\">\n\t\t\t\t<div class=\"elementor-element elementor-element-c00978f elementor-widget elementor-widget-heading\" data-id=\"c00978f\" data-element_type=\"widget\" data-e-type=\"widget\" data-widget_type=\"heading.default\">\n\t\t\t\t<div class=\"elementor-widget-container\">\n\t\t\t\t\t<h3 class=\"elementor-heading-title elementor-size-default\">Nossa estrutura<\/h3>\t\t\t\t<\/div>\n\t\t\t\t<\/div>\n\t\t\t\t<div class=\"elementor-element elementor-element-c696821 elementor-widget-mobile__width-inherit elementor-widget elementor-widget-heading\" data-id=\"c696821\" data-element_type=\"widget\" data-e-type=\"widget\" data-widget_type=\"heading.default\">\n\t\t\t\t<div class=\"elementor-widget-container\">\n\t\t\t\t\t<p class=\"elementor-heading-title elementor-size-default\">Localizado na Av. Padre Cacique 1028, em frente ao est\u00e1dio Beira-Rio, o Col\u00e9gio possui uma estrutura de 19.000m\u00b2, com vasta \u00e1rea verde e estacionamento interno que permite o embarque e desembarque com seguran\u00e7a.<br \/><br \/>\n\nSua estrutura f\u00edsica compreende 10 edifica\u00e7\u00f5es com 24 amplas salas de aula, bem iluminadas, todas com instala\u00e7\u00f5es de multim\u00eddia conectadas \u00e0 internet. O Maria Imaculada ainda conta com uma capela, um laborat\u00f3rio integrado, laborat\u00f3rios m\u00f3veis compostos por tablets, biblioteca, sala de confer\u00eancias, sala maker, espa\u00e7o MediaLab, sala multiuso, gin\u00e1sio esportivo e duas quadras esportivas abertas.<br \/><br \/>\n\nUma estrutura pensada em cada detalhe, para proporcionar a todos os estudantes uma experi\u00eancia de aprendizagem \u00fanica, que os acompanhar\u00e1 por toda vida.<\/p>\t\t\t\t<\/div>\n\t\t\t\t<\/div>\n\t\t\t\t\t<\/div>\n\t\t\t\t<\/div>\n\t\t<div class=\"elementor-element elementor-element-fe79f88 e-flex e-con-boxed e-con e-child\" data-id=\"fe79f88\" data-element_type=\"container\" data-e-type=\"container\">\n\t\t\t\t\t<div class=\"e-con-inner\">\n\t\t\t\t<div class=\"elementor-element elementor-element-71a7243 elementor-arrows-position-outside elementor-widget elementor-widget-image-carousel\" data-id=\"71a7243\" data-element_type=\"widget\" data-e-type=\"widget\" data-settings=\"{&quot;slides_to_show&quot;:&quot;1&quot;,&quot;navigation&quot;:&quot;arrows&quot;,&quot;autoplay&quot;:&quot;yes&quot;,&quot;pause_on_hover&quot;:&quot;yes&quot;,&quot;pause_on_interaction&quot;:&quot;yes&quot;,&quot;autoplay_speed&quot;:5000,&quot;infinite&quot;:&quot;yes&quot;,&quot;effect&quot;:&quot;slide&quot;,&quot;speed&quot;:500}\" data-widget_type=\"image-carousel.default\">\n\t\t\t\t<div class=\"elementor-widget-container\">\n\t\t\t\t\t\t\t<div class=\"elementor-image-carousel-wrapper swiper\" role=\"region\" aria-roledescription=\"carousel\" aria-label=\"Carrossel de imagens\" dir=\"ltr\">\n\t\t\t<div class=\"elementor-image-carousel swiper-wrapper\" aria-live=\"off\">\n\t\t\t\t\t\t\t\t<div class=\"swiper-slide\" role=\"group\" aria-roledescription=\"slide\" aria-label=\"1 de 2\"><figure class=\"swiper-slide-inner\"><img decoding=\"async\" class=\"swiper-slide-image\" src=\"https:\/\/mariaimaculada.com.br\/wp-content\/uploads\/2023\/12\/01_O-Maria-Imaculada17.jpg\" alt=\"01_O-Maria-Imaculada17\" \/><\/figure><\/div><div class=\"swiper-slide\" role=\"group\" aria-roledescription=\"slide\" aria-label=\"2 de 2\"><figure class=\"swiper-slide-inner\"><img decoding=\"async\" class=\"swiper-slide-image\" src=\"https:\/\/mariaimaculada.com.br\/wp-content\/uploads\/2023\/12\/LP_Fotos_0000_1-tinified.png\" alt=\"LP_Fotos_0000_1-tinified\" \/><\/figure><\/div>\t\t\t<\/div>\n\t\t\t\t\t\t\t\t\t\t\t\t<div class=\"elementor-swiper-button elementor-swiper-button-prev\" role=\"button\" tabindex=\"0\">\n\t\t\t\t\t\t<svg aria-hidden=\"true\" class=\"e-font-icon-svg e-eicon-chevron-left\" viewBox=\"0 0 1000 1000\" xmlns=\"http:\/\/www.w3.org\/2000\/svg\"><path d=\"M646 125C629 125 613 133 604 142L308 442C296 454 292 471 292 487 292 504 296 521 308 533L604 854C617 867 629 875 646 875 663 875 679 871 692 858 704 846 713 829 713 812 713 796 708 779 692 767L438 487 692 225C700 217 708 204 708 187 708 171 704 154 692 142 675 129 663 125 646 125Z\"><\/path><\/svg>\t\t\t\t\t<\/div>\n\t\t\t\t\t<div class=\"elementor-swiper-button elementor-swiper-button-next\" role=\"button\" tabindex=\"0\">\n\t\t\t\t\t\t<svg aria-hidden=\"true\" class=\"e-font-icon-svg e-eicon-chevron-right\" viewBox=\"0 0 1000 1000\" xmlns=\"http:\/\/www.w3.org\/2000\/svg\"><path d=\"M696 533C708 521 713 504 713 487 713 471 708 454 696 446L400 146C388 133 375 125 354 125 338 125 325 129 313 142 300 154 292 171 292 187 292 204 296 221 308 233L563 492 304 771C292 783 288 800 288 817 288 833 296 850 308 863 321 871 338 875 354 875 371 875 388 867 400 854L696 533Z\"><\/path><\/svg>\t\t\t\t\t<\/div>\n\t\t\t\t\n\t\t\t\t\t\t\t\t\t<\/div>\n\t\t\t\t\t\t<\/div>\n\t\t\t\t<\/div>\n\t\t\t\t\t<\/div>\n\t\t\t\t<\/div>\n\t\t\t\t\t<\/div>\n\t\t\t\t<\/div>\n\t\t\t\t<\/div>\n\t\t\t\t<\/div>\n\t\t","protected":false},"excerpt":{"rendered":"<p>Quem Somos Home O Col\u00e9gio Quem Somos Olhamos para o passado com rever\u00eancia pelo legado a preservar e para o futuro com esperan\u00e7a e abertura a novos desafios. Nossa Hist\u00f3ria&#8230;  <a class=\"excerpt-read-more\" href=\"https:\/\/mariaimaculada.com.br\/index.php\/quem-somos\/\" title=\"Read Quem Somos\">Leia mais &raquo;<\/a><\/p>\n","protected":false},"author":1,"featured_media":0,"parent":0,"menu_order":0,"comment_status":"closed","ping_status":"closed","template":"","meta":{"_acf_changed":false,"_price":"","_stock":"","_tribe_ticket_header":"","_tribe_default_ticket_provider":"","_ticket_start_date":"","_ticket_end_date":"","_tribe_ticket_show_description":"","_tribe_ticket_show_not_going":false,"_tribe_ticket_use_global_stock":"","_tribe_ticket_global_stock_level":"","_global_stock_mode":"","_global_stock_cap":"","_tribe_rsvp_for_event":"","_tribe_ticket_going_count":"","_tribe_ticket_not_going_count":"","_tribe_tickets_list":"[]","_tribe_ticket_has_attendee_info_fields":false,"footnotes":"","_tec_slr_enabled":"","_tec_slr_layout":""},"class_list":["post-1431","page","type-page","status-publish","hentry"],"acf":[],"yoast_head":"<!-- This site is optimized with the Yoast SEO plugin v27.0 - https:\/\/yoast.com\/product\/yoast-seo-wordpress\/ -->\n<title>Quem Somos - Col\u00e9gio Maria Imaculada<\/title>\n<meta name=\"robots\" content=\"index, follow, max-snippet:-1, max-image-preview:large, max-video-preview:-1\" \/>\n<link rel=\"canonical\" href=\"https:\/\/mariaimaculada.com.br\/index.php\/quem-somos\/\" \/>\n<meta property=\"og:locale\" content=\"pt_BR\" \/>\n<meta property=\"og:type\" content=\"article\" \/>\n<meta property=\"og:title\" content=\"Quem Somos - Col\u00e9gio Maria Imaculada\" \/>\n<meta property=\"og:description\" content=\"Quem Somos Home O Col\u00e9gio Quem Somos Olhamos para o passado com rever\u00eancia pelo legado a preservar e para o futuro com esperan\u00e7a e abertura a novos desafios. Nossa Hist\u00f3ria... Leia mais &raquo;\" \/>\n<meta property=\"og:url\" content=\"https:\/\/mariaimaculada.com.br\/index.php\/quem-somos\/\" \/>\n<meta property=\"og:site_name\" content=\"Col\u00e9gio Maria Imaculada\" \/>\n<meta property=\"article:modified_time\" content=\"2024-08-01T14:26:17+00:00\" \/>\n<meta property=\"og:image\" content=\"https:\/\/mariaimaculada.com.br\/wp-content\/uploads\/2023\/12\/Video1.jpg\" \/>\n\t<meta property=\"og:image:width\" content=\"1361\" \/>\n\t<meta property=\"og:image:height\" content=\"573\" \/>\n\t<meta property=\"og:image:type\" content=\"image\/jpeg\" \/>\n<meta name=\"twitter:card\" content=\"summary_large_image\" \/>\n<meta name=\"twitter:label1\" content=\"Est. tempo de leitura\" \/>\n\t<meta name=\"twitter:data1\" content=\"1 minuto\" \/>\n<script type=\"application\/ld+json\" class=\"yoast-schema-graph\">{\"@context\":\"https:\/\/schema.org\",\"@graph\":[{\"@type\":\"WebPage\",\"@id\":\"https:\/\/mariaimaculada.com.br\/index.php\/quem-somos\/\",\"url\":\"https:\/\/mariaimaculada.com.br\/index.php\/quem-somos\/\",\"name\":\"Quem Somos - Col\u00e9gio Maria Imaculada\",\"isPartOf\":{\"@id\":\"https:\/\/mariaimaculada.com.br\/#website\"},\"primaryImageOfPage\":{\"@id\":\"https:\/\/mariaimaculada.com.br\/index.php\/quem-somos\/#primaryimage\"},\"image\":{\"@id\":\"https:\/\/mariaimaculada.com.br\/index.php\/quem-somos\/#primaryimage\"},\"thumbnailUrl\":\"https:\/\/mariaimaculada.com.br\/wp-content\/uploads\/2023\/12\/Video1.jpg\",\"datePublished\":\"2024-04-03T16:30:26+00:00\",\"dateModified\":\"2024-08-01T14:26:17+00:00\",\"breadcrumb\":{\"@id\":\"https:\/\/mariaimaculada.com.br\/index.php\/quem-somos\/#breadcrumb\"},\"inLanguage\":\"pt-BR\",\"potentialAction\":[{\"@type\":\"ReadAction\",\"target\":[\"https:\/\/mariaimaculada.com.br\/index.php\/quem-somos\/\"]}]},{\"@type\":\"ImageObject\",\"inLanguage\":\"pt-BR\",\"@id\":\"https:\/\/mariaimaculada.com.br\/index.php\/quem-somos\/#primaryimage\",\"url\":\"https:\/\/mariaimaculada.com.br\/wp-content\/uploads\/2023\/12\/Video1.jpg\",\"contentUrl\":\"https:\/\/mariaimaculada.com.br\/wp-content\/uploads\/2023\/12\/Video1.jpg\",\"width\":1361,\"height\":573},{\"@type\":\"BreadcrumbList\",\"@id\":\"https:\/\/mariaimaculada.com.br\/index.php\/quem-somos\/#breadcrumb\",\"itemListElement\":[{\"@type\":\"ListItem\",\"position\":1,\"name\":\"In\u00edcio\",\"item\":\"https:\/\/mariaimaculada.com.br\/\"},{\"@type\":\"ListItem\",\"position\":2,\"name\":\"Quem Somos\"}]},{\"@type\":\"WebSite\",\"@id\":\"https:\/\/mariaimaculada.com.br\/#website\",\"url\":\"https:\/\/mariaimaculada.com.br\/\",\"name\":\"Col\u00e9gio Maria Imaculada\",\"description\":\"Col\u00e9gio da Rede Franciscana Bernardina, localizado em Porto Alegre-RS na Avenida Padre Cacique 1028. O Col\u00e9gio atende desde a Educa\u00e7\u00e3o Infantil at\u00e9 o Ensino M\u00e9dio.\",\"publisher\":{\"@id\":\"https:\/\/mariaimaculada.com.br\/#organization\"},\"potentialAction\":[{\"@type\":\"SearchAction\",\"target\":{\"@type\":\"EntryPoint\",\"urlTemplate\":\"https:\/\/mariaimaculada.com.br\/?s={search_term_string}\"},\"query-input\":{\"@type\":\"PropertyValueSpecification\",\"valueRequired\":true,\"valueName\":\"search_term_string\"}}],\"inLanguage\":\"pt-BR\"},{\"@type\":\"Organization\",\"@id\":\"https:\/\/mariaimaculada.com.br\/#organization\",\"name\":\"Col\u00e9gio Maria Imaculada\",\"url\":\"https:\/\/mariaimaculada.com.br\/\",\"logo\":{\"@type\":\"ImageObject\",\"inLanguage\":\"pt-BR\",\"@id\":\"https:\/\/mariaimaculada.com.br\/#\/schema\/logo\/image\/\",\"url\":\"https:\/\/mariaimaculada.com.br\/wp-content\/uploads\/2023\/12\/maria-imaculada.png\",\"contentUrl\":\"https:\/\/mariaimaculada.com.br\/wp-content\/uploads\/2023\/12\/maria-imaculada.png\",\"width\":338,\"height\":84,\"caption\":\"Col\u00e9gio Maria Imaculada\"},\"image\":{\"@id\":\"https:\/\/mariaimaculada.com.br\/#\/schema\/logo\/image\/\"}}]}<\/script>\n<!-- \/ Yoast SEO plugin. -->","yoast_head_json":{"title":"Quem Somos - Col\u00e9gio Maria Imaculada","robots":{"index":"index","follow":"follow","max-snippet":"max-snippet:-1","max-image-preview":"max-image-preview:large","max-video-preview":"max-video-preview:-1"},"canonical":"https:\/\/mariaimaculada.com.br\/index.php\/quem-somos\/","og_locale":"pt_BR","og_type":"article","og_title":"Quem Somos - Col\u00e9gio Maria Imaculada","og_description":"Quem Somos Home O Col\u00e9gio Quem Somos Olhamos para o passado com rever\u00eancia pelo legado a preservar e para o futuro com esperan\u00e7a e abertura a novos desafios. Nossa Hist\u00f3ria... Leia mais &raquo;","og_url":"https:\/\/mariaimaculada.com.br\/index.php\/quem-somos\/","og_site_name":"Col\u00e9gio Maria Imaculada","article_modified_time":"2024-08-01T14:26:17+00:00","og_image":[{"width":1361,"height":573,"url":"https:\/\/mariaimaculada.com.br\/wp-content\/uploads\/2023\/12\/Video1.jpg","type":"image\/jpeg"}],"twitter_card":"summary_large_image","twitter_misc":{"Est. tempo de leitura":"1 minuto"},"schema":{"@context":"https:\/\/schema.org","@graph":[{"@type":"WebPage","@id":"https:\/\/mariaimaculada.com.br\/index.php\/quem-somos\/","url":"https:\/\/mariaimaculada.com.br\/index.php\/quem-somos\/","name":"Quem Somos - Col\u00e9gio Maria Imaculada","isPartOf":{"@id":"https:\/\/mariaimaculada.com.br\/#website"},"primaryImageOfPage":{"@id":"https:\/\/mariaimaculada.com.br\/index.php\/quem-somos\/#primaryimage"},"image":{"@id":"https:\/\/mariaimaculada.com.br\/index.php\/quem-somos\/#primaryimage"},"thumbnailUrl":"https:\/\/mariaimaculada.com.br\/wp-content\/uploads\/2023\/12\/Video1.jpg","datePublished":"2024-04-03T16:30:26+00:00","dateModified":"2024-08-01T14:26:17+00:00","breadcrumb":{"@id":"https:\/\/mariaimaculada.com.br\/index.php\/quem-somos\/#breadcrumb"},"inLanguage":"pt-BR","potentialAction":[{"@type":"ReadAction","target":["https:\/\/mariaimaculada.com.br\/index.php\/quem-somos\/"]}]},{"@type":"ImageObject","inLanguage":"pt-BR","@id":"https:\/\/mariaimaculada.com.br\/index.php\/quem-somos\/#primaryimage","url":"https:\/\/mariaimaculada.com.br\/wp-content\/uploads\/2023\/12\/Video1.jpg","contentUrl":"https:\/\/mariaimaculada.com.br\/wp-content\/uploads\/2023\/12\/Video1.jpg","width":1361,"height":573},{"@type":"BreadcrumbList","@id":"https:\/\/mariaimaculada.com.br\/index.php\/quem-somos\/#breadcrumb","itemListElement":[{"@type":"ListItem","position":1,"name":"In\u00edcio","item":"https:\/\/mariaimaculada.com.br\/"},{"@type":"ListItem","position":2,"name":"Quem Somos"}]},{"@type":"WebSite","@id":"https:\/\/mariaimaculada.com.br\/#website","url":"https:\/\/mariaimaculada.com.br\/","name":"Col\u00e9gio Maria Imaculada","description":"Col\u00e9gio da Rede Franciscana Bernardina, localizado em Porto Alegre-RS na Avenida Padre Cacique 1028. O Col\u00e9gio atende desde a Educa\u00e7\u00e3o Infantil at\u00e9 o Ensino M\u00e9dio.","publisher":{"@id":"https:\/\/mariaimaculada.com.br\/#organization"},"potentialAction":[{"@type":"SearchAction","target":{"@type":"EntryPoint","urlTemplate":"https:\/\/mariaimaculada.com.br\/?s={search_term_string}"},"query-input":{"@type":"PropertyValueSpecification","valueRequired":true,"valueName":"search_term_string"}}],"inLanguage":"pt-BR"},{"@type":"Organization","@id":"https:\/\/mariaimaculada.com.br\/#organization","name":"Col\u00e9gio Maria Imaculada","url":"https:\/\/mariaimaculada.com.br\/","logo":{"@type":"ImageObject","inLanguage":"pt-BR","@id":"https:\/\/mariaimaculada.com.br\/#\/schema\/logo\/image\/","url":"https:\/\/mariaimaculada.com.br\/wp-content\/uploads\/2023\/12\/maria-imaculada.png","contentUrl":"https:\/\/mariaimaculada.com.br\/wp-content\/uploads\/2023\/12\/maria-imaculada.png","width":338,"height":84,"caption":"Col\u00e9gio Maria Imaculada"},"image":{"@id":"https:\/\/mariaimaculada.com.br\/#\/schema\/logo\/image\/"}}]}},"ticketed":false,"_links":{"self":[{"href":"https:\/\/mariaimaculada.com.br\/index.php\/wp-json\/wp\/v2\/pages\/1431","targetHints":{"allow":["GET"]}}],"collection":[{"href":"https:\/\/mariaimaculada.com.br\/index.php\/wp-json\/wp\/v2\/pages"}],"about":[{"href":"https:\/\/mariaimaculada.com.br\/index.php\/wp-json\/wp\/v2\/types\/page"}],"author":[{"embeddable":true,"href":"https:\/\/mariaimaculada.com.br\/index.php\/wp-json\/wp\/v2\/users\/1"}],"replies":[{"embeddable":true,"href":"https:\/\/mariaimaculada.com.br\/index.php\/wp-json\/wp\/v2\/comments?post=1431"}],"version-history":[{"count":0,"href":"https:\/\/mariaimaculada.com.br\/index.php\/wp-json\/wp\/v2\/pages\/1431\/revisions"}],"wp:attachment":[{"href":"https:\/\/mariaimaculada.com.br\/index.php\/wp-json\/wp\/v2\/media?parent=1431"}],"curies":[{"name":"wp","href":"https:\/\/api.w.org\/{rel}","templated":true}]}}