{"id":37,"date":"2023-12-28T15:44:33","date_gmt":"2023-12-28T18:44:33","guid":{"rendered":"https:\/\/mariaimaculada.com.br\/\/?page_id=37"},"modified":"2023-12-28T15:44:33","modified_gmt":"2023-12-28T18:44:33","slug":"plataformas","status":"publish","type":"page","link":"https:\/\/mariaimaculada.com.br\/index.php\/plataformas\/","title":{"rendered":"Plataformas"},"content":{"rendered":"","protected":false},"excerpt":{"rendered":"","protected":false},"author":1,"featured_media":0,"parent":0,"menu_order":0,"comment_status":"closed","ping_status":"closed","template":"","meta":{"_acf_changed":false,"_price":"","_stock":"","_tribe_ticket_header":"","_tribe_default_ticket_provider":"","_ticket_start_date":"","_ticket_end_date":"","_tribe_ticket_show_description":"","_tribe_ticket_show_not_going":false,"_tribe_ticket_use_global_stock":"","_tribe_ticket_global_stock_level":"","_global_stock_mode":"","_global_stock_cap":"","_tribe_rsvp_for_event":"","_tribe_ticket_going_count":"","_tribe_ticket_not_going_count":"","_tribe_tickets_list":"[]","_tribe_ticket_has_attendee_info_fields":false,"footnotes":"","_tec_slr_enabled":"","_tec_slr_layout":""},"class_list":["post-37","page","type-page","status-publish","hentry"],"acf":[],"yoast_head":"<!-- This site is optimized with the Yoast SEO plugin v27.0 - https:\/\/yoast.com\/product\/yoast-seo-wordpress\/ -->\n<title>Plataformas - Col\u00e9gio Maria Imaculada<\/title>\n<meta name=\"robots\" content=\"index, follow, max-snippet:-1, max-image-preview:large, max-video-preview:-1\" \/>\n<link rel=\"canonical\" href=\"https:\/\/mariaimaculada.com.br\/index.php\/plataformas\/\" \/>\n<meta property=\"og:locale\" content=\"pt_BR\" \/>\n<meta property=\"og:type\" content=\"article\" \/>\n<meta property=\"og:title\" content=\"Plataformas - Col\u00e9gio Maria Imaculada\" \/>\n<meta property=\"og:url\" content=\"https:\/\/mariaimaculada.com.br\/index.php\/plataformas\/\" \/>\n<meta property=\"og:site_name\" content=\"Col\u00e9gio Maria Imaculada\" \/>\n<meta name=\"twitter:card\" content=\"summary_large_image\" \/>\n<script type=\"application\/ld+json\" class=\"yoast-schema-graph\">{\"@context\":\"https:\/\/schema.org\",\"@graph\":[{\"@type\":\"WebPage\",\"@id\":\"https:\/\/mariaimaculada.com.br\/index.php\/plataformas\/\",\"url\":\"https:\/\/mariaimaculada.com.br\/index.php\/plataformas\/\",\"name\":\"Plataformas - Col\u00e9gio Maria Imaculada\",\"isPartOf\":{\"@id\":\"https:\/\/mariaimaculada.com.br\/#website\"},\"datePublished\":\"2023-12-28T18:44:33+00:00\",\"breadcrumb\":{\"@id\":\"https:\/\/mariaimaculada.com.br\/index.php\/plataformas\/#breadcrumb\"},\"inLanguage\":\"pt-BR\",\"potentialAction\":[{\"@type\":\"ReadAction\",\"target\":[\"https:\/\/mariaimaculada.com.br\/index.php\/plataformas\/\"]}]},{\"@type\":\"BreadcrumbList\",\"@id\":\"https:\/\/mariaimaculada.com.br\/index.php\/plataformas\/#breadcrumb\",\"itemListElement\":[{\"@type\":\"ListItem\",\"position\":1,\"name\":\"In\u00edcio\",\"item\":\"https:\/\/mariaimaculada.com.br\/\"},{\"@type\":\"ListItem\",\"position\":2,\"name\":\"Plataformas\"}]},{\"@type\":\"WebSite\",\"@id\":\"https:\/\/mariaimaculada.com.br\/#website\",\"url\":\"https:\/\/mariaimaculada.com.br\/\",\"name\":\"Col\u00e9gio Maria Imaculada\",\"description\":\"Col\u00e9gio da Rede Franciscana Bernardina, localizado em Porto Alegre-RS na Avenida Padre Cacique 1028. O Col\u00e9gio atende desde a Educa\u00e7\u00e3o Infantil at\u00e9 o Ensino M\u00e9dio.\",\"publisher\":{\"@id\":\"https:\/\/mariaimaculada.com.br\/#organization\"},\"potentialAction\":[{\"@type\":\"SearchAction\",\"target\":{\"@type\":\"EntryPoint\",\"urlTemplate\":\"https:\/\/mariaimaculada.com.br\/?s={search_term_string}\"},\"query-input\":{\"@type\":\"PropertyValueSpecification\",\"valueRequired\":true,\"valueName\":\"search_term_string\"}}],\"inLanguage\":\"pt-BR\"},{\"@type\":\"Organization\",\"@id\":\"https:\/\/mariaimaculada.com.br\/#organization\",\"name\":\"Col\u00e9gio Maria Imaculada\",\"url\":\"https:\/\/mariaimaculada.com.br\/\",\"logo\":{\"@type\":\"ImageObject\",\"inLanguage\":\"pt-BR\",\"@id\":\"https:\/\/mariaimaculada.com.br\/#\/schema\/logo\/image\/\",\"url\":\"https:\/\/mariaimaculada.com.br\/wp-content\/uploads\/2023\/12\/maria-imaculada.png\",\"contentUrl\":\"https:\/\/mariaimaculada.com.br\/wp-content\/uploads\/2023\/12\/maria-imaculada.png\",\"width\":338,\"height\":84,\"caption\":\"Col\u00e9gio Maria Imaculada\"},\"image\":{\"@id\":\"https:\/\/mariaimaculada.com.br\/#\/schema\/logo\/image\/\"}}]}<\/script>\n<!-- \/ Yoast SEO plugin. -->","yoast_head_json":{"title":"Plataformas - Col\u00e9gio Maria Imaculada","robots":{"index":"index","follow":"follow","max-snippet":"max-snippet:-1","max-image-preview":"max-image-preview:large","max-video-preview":"max-video-preview:-1"},"canonical":"https:\/\/mariaimaculada.com.br\/index.php\/plataformas\/","og_locale":"pt_BR","og_type":"article","og_title":"Plataformas - Col\u00e9gio Maria Imaculada","og_url":"https:\/\/mariaimaculada.com.br\/index.php\/plataformas\/","og_site_name":"Col\u00e9gio Maria Imaculada","twitter_card":"summary_large_image","schema":{"@context":"https:\/\/schema.org","@graph":[{"@type":"WebPage","@id":"https:\/\/mariaimaculada.com.br\/index.php\/plataformas\/","url":"https:\/\/mariaimaculada.com.br\/index.php\/plataformas\/","name":"Plataformas - Col\u00e9gio Maria Imaculada","isPartOf":{"@id":"https:\/\/mariaimaculada.com.br\/#website"},"datePublished":"2023-12-28T18:44:33+00:00","breadcrumb":{"@id":"https:\/\/mariaimaculada.com.br\/index.php\/plataformas\/#breadcrumb"},"inLanguage":"pt-BR","potentialAction":[{"@type":"ReadAction","target":["https:\/\/mariaimaculada.com.br\/index.php\/plataformas\/"]}]},{"@type":"BreadcrumbList","@id":"https:\/\/mariaimaculada.com.br\/index.php\/plataformas\/#breadcrumb","itemListElement":[{"@type":"ListItem","position":1,"name":"In\u00edcio","item":"https:\/\/mariaimaculada.com.br\/"},{"@type":"ListItem","position":2,"name":"Plataformas"}]},{"@type":"WebSite","@id":"https:\/\/mariaimaculada.com.br\/#website","url":"https:\/\/mariaimaculada.com.br\/","name":"Col\u00e9gio Maria Imaculada","description":"Col\u00e9gio da Rede Franciscana Bernardina, localizado em Porto Alegre-RS na Avenida Padre Cacique 1028. O Col\u00e9gio atende desde a Educa\u00e7\u00e3o Infantil at\u00e9 o Ensino M\u00e9dio.","publisher":{"@id":"https:\/\/mariaimaculada.com.br\/#organization"},"potentialAction":[{"@type":"SearchAction","target":{"@type":"EntryPoint","urlTemplate":"https:\/\/mariaimaculada.com.br\/?s={search_term_string}"},"query-input":{"@type":"PropertyValueSpecification","valueRequired":true,"valueName":"search_term_string"}}],"inLanguage":"pt-BR"},{"@type":"Organization","@id":"https:\/\/mariaimaculada.com.br\/#organization","name":"Col\u00e9gio Maria Imaculada","url":"https:\/\/mariaimaculada.com.br\/","logo":{"@type":"ImageObject","inLanguage":"pt-BR","@id":"https:\/\/mariaimaculada.com.br\/#\/schema\/logo\/image\/","url":"https:\/\/mariaimaculada.com.br\/wp-content\/uploads\/2023\/12\/maria-imaculada.png","contentUrl":"https:\/\/mariaimaculada.com.br\/wp-content\/uploads\/2023\/12\/maria-imaculada.png","width":338,"height":84,"caption":"Col\u00e9gio Maria Imaculada"},"image":{"@id":"https:\/\/mariaimaculada.com.br\/#\/schema\/logo\/image\/"}}]}},"ticketed":false,"_links":{"self":[{"href":"https:\/\/mariaimaculada.com.br\/index.php\/wp-json\/wp\/v2\/pages\/37","targetHints":{"allow":["GET"]}}],"collection":[{"href":"https:\/\/mariaimaculada.com.br\/index.php\/wp-json\/wp\/v2\/pages"}],"about":[{"href":"https:\/\/mariaimaculada.com.br\/index.php\/wp-json\/wp\/v2\/types\/page"}],"author":[{"embeddable":true,"href":"https:\/\/mariaimaculada.com.br\/index.php\/wp-json\/wp\/v2\/users\/1"}],"replies":[{"embeddable":true,"href":"https:\/\/mariaimaculada.com.br\/index.php\/wp-json\/wp\/v2\/comments?post=37"}],"version-history":[{"count":0,"href":"https:\/\/mariaimaculada.com.br\/index.php\/wp-json\/wp\/v2\/pages\/37\/revisions"}],"wp:attachment":[{"href":"https:\/\/mariaimaculada.com.br\/index.php\/wp-json\/wp\/v2\/media?parent=37"}],"curies":[{"name":"wp","href":"https:\/\/api.w.org\/{rel}","templated":true}]}}